{"id":13,"date":"2025-06-02T19:15:04","date_gmt":"2025-06-02T19:15:04","guid":{"rendered":"https:\/\/www.djdaniel.pl\/?page_id=13"},"modified":"2025-06-02T20:57:06","modified_gmt":"2025-06-02T20:57:06","slug":"o-mnie","status":"publish","type":"page","link":"https:\/\/www.djdaniel.pl\/index.php\/o-mnie\/","title":{"rendered":"O mnie"},"content":{"rendered":"\n<h3 class=\"wp-block-heading\"><strong>Sprz\u0119t, kt\u00f3ry robi r\u00f3\u017cnic\u0119<\/strong><\/h3>\n\n\n\n<p>Nie wystarczy tylko dobra muzyka \u2013 trzeba j\u0105 jeszcze odpowiednio <strong>zagra\u0107, nag\u0142o\u015bni\u0107 i pokaza\u0107<\/strong>. Dlatego pracuj\u0119 na sprz\u0119cie, kt\u00f3ry gwarantuje <strong>jako\u015b\u0107, moc i niezawodno\u015b\u0107<\/strong>, niezale\u017cnie od warunk\u00f3w, od pocz\u0105tku do samego ko\u0144ca imprezy.<br><\/p>\n\n\n\n<div class=\"wp-block-media-text is-stacked-on-mobile\"><figure class=\"wp-block-media-text__media\"><img loading=\"lazy\" decoding=\"async\" width=\"1024\" height=\"519\" src=\"https:\/\/www.djdaniel.pl\/wp-content\/uploads\/2025\/06\/rane_performer-1024x519.jpg\" alt=\"\" class=\"wp-image-45 size-full\" srcset=\"https:\/\/www.djdaniel.pl\/wp-content\/uploads\/2025\/06\/rane_performer-1024x519.jpg 1024w, https:\/\/www.djdaniel.pl\/wp-content\/uploads\/2025\/06\/rane_performer-300x152.jpg 300w, https:\/\/www.djdaniel.pl\/wp-content\/uploads\/2025\/06\/rane_performer-768x390.jpg 768w, https:\/\/www.djdaniel.pl\/wp-content\/uploads\/2025\/06\/rane_performer-1536x779.jpg 1536w, https:\/\/www.djdaniel.pl\/wp-content\/uploads\/2025\/06\/rane_performer.jpg 1800w\" sizes=\"auto, (max-width: 1024px) 100vw, 1024px\" \/><\/figure><div class=\"wp-block-media-text__content\">\n<p><strong>Rane Performer<\/strong> \u2013 prawdziwe serce mojego stanowiska pracy. Profesjonalny kontroler DJ, kt\u00f3ry zapewnia ultra precyzyjn\u0105 kontrol\u0119 nad d\u017awi\u0119kiem i efektami. Pozwala na ekspresj\u0119 i kreatywno\u015b\u0107 na najwy\u017cszym poziomie \u2013 ka\u017cda nuta i ka\u017cdy beat s\u0105 dok\u0142adnie tam, gdzie powinny by\u0107.<\/p>\n<\/div><\/div>\n\n\n\n<div class=\"wp-block-media-text has-media-on-the-right is-stacked-on-mobile\" style=\"grid-template-columns:auto 29%\"><div class=\"wp-block-media-text__content\">\n<p>Jak serce, to i m\u00f3zg. <strong>MacBook z chipem M4 Pro<\/strong> <strong>w kolorze gwiezdnej czerni<\/strong> \u2013 rakieta, kt\u00f3ra pozwala na b\u0142yskawiczn\u0105 obs\u0142ug\u0119 muzyki, efekt\u00f3w i o\u015bwietlenia. Bezkompromisowa, najwy\u017csza jako\u015b\u0107 tego sprz\u0119tu przek\u0142ada si\u0119 na Tw\u00f3j spok\u00f3j w trakcie trwania imprezy. Bawisz si\u0119 bez obaw o nag\u0142e zatrzymanie parkietu ze wzgl\u0119du na zbyt staro\u017cytny sprz\u0119t<\/p>\n<\/div><figure class=\"wp-block-media-text__media\"><img loading=\"lazy\" decoding=\"async\" width=\"502\" height=\"399\" src=\"https:\/\/www.djdaniel.pl\/wp-content\/uploads\/2025\/06\/macbook.png\" alt=\"\" class=\"wp-image-46 size-full\" srcset=\"https:\/\/www.djdaniel.pl\/wp-content\/uploads\/2025\/06\/macbook.png 502w, https:\/\/www.djdaniel.pl\/wp-content\/uploads\/2025\/06\/macbook-300x238.png 300w\" sizes=\"auto, (max-width: 502px) 100vw, 502px\" \/><\/figure><\/div>\n\n\n\n<div class=\"wp-block-media-text is-stacked-on-mobile\"><figure class=\"wp-block-media-text__media\"><img loading=\"lazy\" decoding=\"async\" width=\"521\" height=\"39\" src=\"https:\/\/www.djdaniel.pl\/wp-content\/uploads\/2025\/06\/tidal_serato.png\" alt=\"\" class=\"wp-image-47 size-full\" srcset=\"https:\/\/www.djdaniel.pl\/wp-content\/uploads\/2025\/06\/tidal_serato.png 521w, https:\/\/www.djdaniel.pl\/wp-content\/uploads\/2025\/06\/tidal_serato-300x22.png 300w\" sizes=\"auto, (max-width: 521px) 100vw, 521px\" \/><\/figure><div class=\"wp-block-media-text__content\">\n<p><strong>Serato DJ Pro + Tidal DJ Extension<\/strong> \u2013 posiadam dost\u0119p do milion\u00f3w utwor\u00f3w na \u017cywo i profesjonalne oprogramowanie, kt\u00f3re pozwala miksowa\u0107 z chirurgiczn\u0105 precyzj\u0105. Dzi\u0119ki Tidalowi mog\u0119 spe\u0142nia\u0107 muzyczne \u017cyczenia go\u015bci <strong>w czasie rzeczywistym<\/strong>!<\/p>\n<\/div><\/div>\n\n\n\n<div class=\"wp-block-media-text has-media-on-the-right is-stacked-on-mobile\" style=\"grid-template-columns:auto 40%\"><div class=\"wp-block-media-text__content\">\n<p>Zestaw dw\u00f3ch, trzech, a mo\u017ce czterech pi\u0119knych wielokolorowych lamp? <br><strong>Evolights Lumeno<\/strong> to inteligentne \u015bwiat\u0142a, kt\u00f3re zamieniaj\u0105 sal\u0119 w taneczny raj. Programowane show \u015bwietlne dodaj\u0105 klimat, dynamik\u0119 i magi\u0119 \u2013 wszystko w rytm muzyki<\/p>\n<\/div><figure class=\"wp-block-media-text__media\"><img loading=\"lazy\" decoding=\"async\" width=\"289\" height=\"250\" src=\"https:\/\/www.djdaniel.pl\/wp-content\/uploads\/2025\/06\/evolights.png\" alt=\"\" class=\"wp-image-48 size-full\"\/><\/figure><\/div>\n\n\n\n<p><\/p>\n","protected":false},"excerpt":{"rendered":"<p>Sprz\u0119t, kt\u00f3ry robi r\u00f3\u017cnic\u0119 Nie wystarczy tylko dobra muzyka \u2013 trzeba j\u0105 jeszcze odpowiednio zagra\u0107, nag\u0142o\u015bni\u0107 i pokaza\u0107. Dlatego pracuj\u0119 na sprz\u0119cie, kt\u00f3ry gwarantuje jako\u015b\u0107, moc i niezawodno\u015b\u0107, niezale\u017cnie od warunk\u00f3w, od pocz\u0105tku do samego ko\u0144ca imprezy. Rane Performer \u2013 prawdziwe serce mojego stanowiska pracy. Profesjonalny kontroler DJ, kt\u00f3ry zapewnia ultra precyzyjn\u0105 kontrol\u0119 nad d\u017awi\u0119kiem&#8230;<\/p>\n","protected":false},"author":1,"featured_media":0,"parent":0,"menu_order":0,"comment_status":"closed","ping_status":"closed","template":"","meta":{"_kad_post_transparent":"","_kad_post_title":"hide","_kad_post_layout":"","_kad_post_sidebar_id":"","_kad_post_content_style":"","_kad_post_vertical_padding":"","_kad_post_feature":"","_kad_post_feature_position":"","_kad_post_header":false,"_kad_post_footer":false,"_kad_post_classname":"","footnotes":""},"class_list":["post-13","page","type-page","status-publish","hentry"],"_links":{"self":[{"href":"https:\/\/www.djdaniel.pl\/index.php\/wp-json\/wp\/v2\/pages\/13","targetHints":{"allow":["GET"]}}],"collection":[{"href":"https:\/\/www.djdaniel.pl\/index.php\/wp-json\/wp\/v2\/pages"}],"about":[{"href":"https:\/\/www.djdaniel.pl\/index.php\/wp-json\/wp\/v2\/types\/page"}],"author":[{"embeddable":true,"href":"https:\/\/www.djdaniel.pl\/index.php\/wp-json\/wp\/v2\/users\/1"}],"replies":[{"embeddable":true,"href":"https:\/\/www.djdaniel.pl\/index.php\/wp-json\/wp\/v2\/comments?post=13"}],"version-history":[{"count":5,"href":"https:\/\/www.djdaniel.pl\/index.php\/wp-json\/wp\/v2\/pages\/13\/revisions"}],"predecessor-version":[{"id":52,"href":"https:\/\/www.djdaniel.pl\/index.php\/wp-json\/wp\/v2\/pages\/13\/revisions\/52"}],"wp:attachment":[{"href":"https:\/\/www.djdaniel.pl\/index.php\/wp-json\/wp\/v2\/media?parent=13"}],"curies":[{"name":"wp","href":"https:\/\/api.w.org\/{rel}","templated":true}]}}